{"id":22,"date":"2016-03-01T08:37:50","date_gmt":"2016-03-01T08:37:50","guid":{"rendered":"http:\/\/studioskarra.codibee.solutions\/extra-page-four\/"},"modified":"2025-08-12T13:26:32","modified_gmt":"2025-08-12T10:26:32","slug":"policy","status":"publish","type":"page","link":"https:\/\/www.studioskarra.gr\/de\/policy\/","title":{"rendered":"Bedingungen"},"content":{"rendered":"<p>Anreise um 16:00<br \/>\nAbreise um 11:00<\/p>\n<p>Bei der Buchung muss eine Anzahlung von 30% des Gesamtbetrags geleistet werden, der bei Annullierungen mehr als 60 Tage vor dem Anreisetag zur\u00fcckerstattet wird.<\/p>\n<p>Bei Annullierungen innerhalb von 40 Tagen vor dem Anreisetag wird die Anzahlung nicht zur\u00fcckerstattet. Alle Transaktionskosten werden dem Kunden angelastet.<\/p>\n<p>Bei Annullierungen w\u00e4hrend des Aufenthalts m\u00fcssen die G\u00e4ste den Gesamtbetrag ihrer Buchung bezahlen.<\/p>","protected":false},"excerpt":{"rendered":"<p>Bitte beachten Sie unsere Richtlinien zur An- und Abreise sowie die Zahlungs- und Annullationsbedingungen.<\/p>\n","protected":false},"author":1,"featured_media":168,"parent":0,"menu_order":0,"comment_status":"closed","ping_status":"closed","template":"","meta":{"footnotes":""},"class_list":["post-22","page","type-page","status-publish","has-post-thumbnail","hentry"],"_links":{"self":[{"href":"https:\/\/www.studioskarra.gr\/de\/wp-json\/wp\/v2\/pages\/22","targetHints":{"allow":["GET"]}}],"collection":[{"href":"https:\/\/www.studioskarra.gr\/de\/wp-json\/wp\/v2\/pages"}],"about":[{"href":"https:\/\/www.studioskarra.gr\/de\/wp-json\/wp\/v2\/types\/page"}],"author":[{"embeddable":true,"href":"https:\/\/www.studioskarra.gr\/de\/wp-json\/wp\/v2\/users\/1"}],"replies":[{"embeddable":true,"href":"https:\/\/www.studioskarra.gr\/de\/wp-json\/wp\/v2\/comments?post=22"}],"version-history":[{"count":8,"href":"https:\/\/www.studioskarra.gr\/de\/wp-json\/wp\/v2\/pages\/22\/revisions"}],"predecessor-version":[{"id":851,"href":"https:\/\/www.studioskarra.gr\/de\/wp-json\/wp\/v2\/pages\/22\/revisions\/851"}],"wp:featuredmedia":[{"embeddable":true,"href":"https:\/\/www.studioskarra.gr\/de\/wp-json\/wp\/v2\/media\/168"}],"wp:attachment":[{"href":"https:\/\/www.studioskarra.gr\/de\/wp-json\/wp\/v2\/media?parent=22"}],"curies":[{"name":"wp","href":"https:\/\/api.w.org\/{rel}","templated":true}]}}