{"id":4,"date":"2016-03-01T08:37:50","date_gmt":"2016-03-01T08:37:50","guid":{"rendered":"http:\/\/studioskarra.codibee.solutions\/home\/"},"modified":"2017-09-18T17:17:20","modified_gmt":"2017-09-18T14:17:20","slug":"home","status":"publish","type":"page","link":"https:\/\/www.studioskarra.gr\/de\/","title":{"rendered":"Unser Hotel auf der Halbinsel Halkidiki"},"content":{"rendered":"<p><strong>Herzlich Willkommen in den Anna Karra Studios &amp; Apartments <\/strong><\/p>\n<p>Unser Hotel auf der Halbinsel Halkidiki in der gleichnamigen Region ist ideal f\u00fcr einen ruhigen, gem\u00fctlichen und entspannenden Familienurlaub. Die Anlage besteht aus sch\u00f6nen Studios und Apartments an der K\u00fcste von Vourvourou. Falls Sie umgeben vom Gr\u00fcn der Berge, dem Blau des Meeres und mit Blick auf die sch\u00f6ne Insel Diaporos vor der Bucht des Berges Athos unvergessliche und idyllische Ferien verbringen m\u00f6chten, dann sollten Sie im Anna Karra Hotel am Strand von Vourvourou auf der Halbinsel Sithonia einkehren.<\/p>","protected":false},"excerpt":{"rendered":"<p>Herzlich Willkommen in den Anna Karra Studios &amp; Apartments Unser Hotel auf der Halbinsel Halkidiki in der gleichnamigen Region ist ideal f\u00fcr einen ruhigen, gem\u00fctlichen und entspannenden Familienurlaub. Die Anlage besteht aus sch\u00f6nen Studios und Apartments an der K\u00fcste von Vourvourou. Falls Sie umgeben vom Gr\u00fcn der Berge, dem Blau des Meeres und mit Blick [&hellip;]<\/p>\n","protected":false},"author":1,"featured_media":33,"parent":0,"menu_order":0,"comment_status":"closed","ping_status":"closed","template":"","meta":{"footnotes":""},"class_list":["post-4","page","type-page","status-publish","has-post-thumbnail","hentry"],"_links":{"self":[{"href":"https:\/\/www.studioskarra.gr\/de\/wp-json\/wp\/v2\/pages\/4","targetHints":{"allow":["GET"]}}],"collection":[{"href":"https:\/\/www.studioskarra.gr\/de\/wp-json\/wp\/v2\/pages"}],"about":[{"href":"https:\/\/www.studioskarra.gr\/de\/wp-json\/wp\/v2\/types\/page"}],"author":[{"embeddable":true,"href":"https:\/\/www.studioskarra.gr\/de\/wp-json\/wp\/v2\/users\/1"}],"replies":[{"embeddable":true,"href":"https:\/\/www.studioskarra.gr\/de\/wp-json\/wp\/v2\/comments?post=4"}],"version-history":[{"count":6,"href":"https:\/\/www.studioskarra.gr\/de\/wp-json\/wp\/v2\/pages\/4\/revisions"}],"predecessor-version":[{"id":691,"href":"https:\/\/www.studioskarra.gr\/de\/wp-json\/wp\/v2\/pages\/4\/revisions\/691"}],"wp:featuredmedia":[{"embeddable":true,"href":"https:\/\/www.studioskarra.gr\/de\/wp-json\/wp\/v2\/media\/33"}],"wp:attachment":[{"href":"https:\/\/www.studioskarra.gr\/de\/wp-json\/wp\/v2\/media?parent=4"}],"curies":[{"name":"wp","href":"https:\/\/api.w.org\/{rel}","templated":true}]}}