{"id":718,"date":"2018-05-21T12:26:44","date_gmt":"2018-05-21T09:26:44","guid":{"rendered":"http:\/\/www.studioskarra.gr\/ru\/privacy-policy\/"},"modified":"2018-10-03T11:05:38","modified_gmt":"2018-10-03T08:05:38","slug":"privacy-policy","status":"publish","type":"page","link":"https:\/\/www.studioskarra.gr\/de\/privacy-policy\/","title":{"rendered":"Privacy Policy"},"content":{"rendered":"<p><strong>ERKL\u00c4RUNG ZUM SCHUTZ DER PERS\u00d6NLICHEN DATEN \u2013 SICHERHEITS- &amp; DATENSCHUTZPOLITIK <\/strong><\/p>\n<p>Wir setzen Sie dar\u00fcber in Kenntnis, dass unser Unternehmen im Rahmen des Schutzes nat\u00fcrlicher Personen in Bezug auf die Verarbeitung personenbezogener Daten der neuen Verordnung 2016\/679 des Europ\u00e4ischen Parlaments entspricht.<\/p>\n<p>Personenbezogene Daten sind Informationen, die Sie identifizieren, z. B. Ihr Name, Ihre E-Mail-Adresse, Postanschrift usw. Unser Unternehmen erfasst Ihre personenbezogenen Daten nur, wenn Sie diese ausdr\u00fccklich f\u00fcr einen bestimmten Zweck zur Verf\u00fcgung gestellt haben und Sie Ihre Zustimmung zu deren Nutzung gegeben haben<\/p>\n<p>Das Unternehmen speichert Ihre personenbezogenen Daten f\u00fcr die gesetzlich vorgeschriebene Vervollst\u00e4ndigung des G\u00e4steregisters und verwendet sie nur f\u00fcr die \u00dcbermittlung von Informationsmaterial (Bewertungsformular, Promotionspakete etc.), wenn Sie Ihre Zustimmung hierzu gegeben haben.<\/p>\n<p>Das Unternehmen beh\u00e4lt sich das Recht vor, Informationen \u00fcber Sie offenzulegen, wenn das Gesetz dies erforderlich macht oder wenn eine solche Auskunft von den zust\u00e4ndigen Regierungsbeh\u00f6rden, Verwaltungsbeh\u00f6rden oder Strafverfolgungsbeh\u00f6rden verlangt wird.<\/p>\n<p>Das Unternehmen garantiert, dass es Ihre pers\u00f6nlichen Daten zu keinem Zweck oder Gebrauch an Dritte weiterleitet, dar\u00fcber Auskunft erteilt, diese abtritt etc., jedoch ist es m\u00f6glich, dass es Ihnen Informationsmaterial per E-Mail zukommen l\u00e4sst.<\/p>","protected":false},"excerpt":{"rendered":"<p>ERKL\u00c4RUNG ZUM SCHUTZ DER PERS\u00d6NLICHEN DATEN \u2013 SICHERHEITS- &amp; DATENSCHUTZPOLITIK Wir setzen Sie dar\u00fcber in Kenntnis, dass unser Unternehmen im Rahmen des Schutzes nat\u00fcrlicher Personen in Bezug auf die Verarbeitung personenbezogener Daten der neuen Verordnung 2016\/679 des Europ\u00e4ischen Parlaments entspricht. Personenbezogene Daten sind Informationen, die Sie identifizieren, z. B. Ihr Name, Ihre E-Mail-Adresse, Postanschrift usw. [&hellip;]<\/p>\n","protected":false},"author":1,"featured_media":381,"parent":0,"menu_order":0,"comment_status":"closed","ping_status":"closed","template":"page_privacy_policy.php","meta":{"footnotes":""},"class_list":["post-718","page","type-page","status-publish","has-post-thumbnail","hentry"],"_links":{"self":[{"href":"https:\/\/www.studioskarra.gr\/de\/wp-json\/wp\/v2\/pages\/718","targetHints":{"allow":["GET"]}}],"collection":[{"href":"https:\/\/www.studioskarra.gr\/de\/wp-json\/wp\/v2\/pages"}],"about":[{"href":"https:\/\/www.studioskarra.gr\/de\/wp-json\/wp\/v2\/types\/page"}],"author":[{"embeddable":true,"href":"https:\/\/www.studioskarra.gr\/de\/wp-json\/wp\/v2\/users\/1"}],"replies":[{"embeddable":true,"href":"https:\/\/www.studioskarra.gr\/de\/wp-json\/wp\/v2\/comments?post=718"}],"version-history":[{"count":1,"href":"https:\/\/www.studioskarra.gr\/de\/wp-json\/wp\/v2\/pages\/718\/revisions"}],"predecessor-version":[{"id":730,"href":"https:\/\/www.studioskarra.gr\/de\/wp-json\/wp\/v2\/pages\/718\/revisions\/730"}],"wp:featuredmedia":[{"embeddable":true,"href":"https:\/\/www.studioskarra.gr\/de\/wp-json\/wp\/v2\/media\/381"}],"wp:attachment":[{"href":"https:\/\/www.studioskarra.gr\/de\/wp-json\/wp\/v2\/media?parent=718"}],"curies":[{"name":"wp","href":"https:\/\/api.w.org\/{rel}","templated":true}]}}