{"id":9,"date":"2016-03-01T08:37:50","date_gmt":"2016-03-01T08:37:50","guid":{"rendered":"http:\/\/studioskarra.codibee.solutions\/guestbook\/"},"modified":"2017-09-18T16:36:00","modified_gmt":"2017-09-18T13:36:00","slug":"guestbook","status":"publish","type":"page","link":"https:\/\/www.studioskarra.gr\/de\/guestbook\/","title":{"rendered":"G\u00e4stebuch"},"content":{"rendered":"<p>Vourvourou im Fr\u00fchling, an Ostern oder auch im Oktober zu besuchen, ist eine ausgezeichnete Option. Die Sonne scheint, das Wetter und das Meer sind vollkommen sanft und ruhig und laden zum Schwimmen und Ausspannen in einer malerischen und farbenfrohen bergigen Umgebung mit W\u00e4ldern und au\u00dfergew\u00f6hnlichen Str\u00e4nden ein. Deshalb laden wir Sie zu jeder Jahreszeit dazu ein, mit uns diesen herrlichen Platz auf Erden zu teilen.<\/p>","protected":false},"excerpt":{"rendered":"<p>Vourvourou im Fr\u00fchling, an Ostern oder auch im Oktober zu besuchen, ist eine ausgezeichnete Option. Die Sonne scheint, das Wetter und das Meer sind vollkommen sanft und ruhig und laden zum Schwimmen und Ausspannen in einer malerischen und farbenfrohen bergigen Umgebung mit W\u00e4ldern und au\u00dfergew\u00f6hnlichen Str\u00e4nden ein.  Deshalb laden wir Sie zu jeder Jahreszeit dazu ein, mit uns diesen herrlichen Platz auf Erden zu teilen.<\/p>\n","protected":false},"author":1,"featured_media":39,"parent":0,"menu_order":0,"comment_status":"closed","ping_status":"closed","template":"page_reviews.php","meta":{"footnotes":""},"class_list":["post-9","page","type-page","status-publish","has-post-thumbnail","hentry"],"_links":{"self":[{"href":"https:\/\/www.studioskarra.gr\/de\/wp-json\/wp\/v2\/pages\/9","targetHints":{"allow":["GET"]}}],"collection":[{"href":"https:\/\/www.studioskarra.gr\/de\/wp-json\/wp\/v2\/pages"}],"about":[{"href":"https:\/\/www.studioskarra.gr\/de\/wp-json\/wp\/v2\/types\/page"}],"author":[{"embeddable":true,"href":"https:\/\/www.studioskarra.gr\/de\/wp-json\/wp\/v2\/users\/1"}],"replies":[{"embeddable":true,"href":"https:\/\/www.studioskarra.gr\/de\/wp-json\/wp\/v2\/comments?post=9"}],"version-history":[{"count":6,"href":"https:\/\/www.studioskarra.gr\/de\/wp-json\/wp\/v2\/pages\/9\/revisions"}],"predecessor-version":[{"id":682,"href":"https:\/\/www.studioskarra.gr\/de\/wp-json\/wp\/v2\/pages\/9\/revisions\/682"}],"wp:featuredmedia":[{"embeddable":true,"href":"https:\/\/www.studioskarra.gr\/de\/wp-json\/wp\/v2\/media\/39"}],"wp:attachment":[{"href":"https:\/\/www.studioskarra.gr\/de\/wp-json\/wp\/v2\/media?parent=9"}],"curies":[{"name":"wp","href":"https:\/\/api.w.org\/{rel}","templated":true}]}}